{"id":214,"date":"2025-05-23T12:31:57","date_gmt":"2025-05-23T10:31:57","guid":{"rendered":"https:\/\/www.netmedia-gmbh.com\/?page_id=214"},"modified":"2025-08-18T14:50:15","modified_gmt":"2025-08-18T12:50:15","slug":"kontakt","status":"publish","type":"page","link":"https:\/\/www.netmedia-gmbh.com\/en\/kontakt\/","title":{"rendered":"Contact"},"content":{"rendered":"<div data-colibri-id=\"214-c1\" class=\"style-292 style-local-214-c1 position-relative\">\n  <!---->\n  <div data-colibri-component=\"section\" data-colibri-id=\"214-c2\" id=\"initial-content\" class=\"h-section h-section-global-spacing d-flex align-items-lg-center align-items-md-center align-items-center style-293 style-local-214-c2 position-relative\">\n    <!---->\n    <!---->\n    <div class=\"h-section-grid-container h-section-boxed-container\">\n      <!---->\n      <div data-colibri-id=\"214-c3\" class=\"h-row-container gutters-row-lg-2 gutters-row-md-2 gutters-row-0 gutters-row-v-lg-2 gutters-row-v-md-2 gutters-row-v-2 style-1019 style-local-214-c3 position-relative\">\n        <!---->\n        <div class=\"h-row justify-content-lg-center justify-content-md-center justify-content-center align-items-lg-stretch align-items-md-stretch align-items-stretch gutters-col-lg-2 gutters-col-md-2 gutters-col-0 gutters-col-v-lg-2 gutters-col-v-md-2 gutters-col-v-2\">\n          <!---->\n          <div class=\"h-column h-column-container d-flex h-col-lg-auto h-col-md-auto h-col-auto style-1020-outer style-local-214-c4-outer\">\n            <div data-colibri-id=\"214-c4\" class=\"d-flex h-flex-basis h-column__inner h-px-lg-2 h-px-md-2 h-px-2 v-inner-lg-2 v-inner-md-2 v-inner-2 style-1020 style-local-214-c4 position-relative\">\n              <!---->\n              <!---->\n              <div class=\"w-100 h-y-container h-column__content h-column__v-align flex-basis-100 align-self-lg-start align-self-md-start align-self-start\">\n                <!---->\n                <div data-colibri-id=\"214-c5\" class=\"h-global-transition-all h-heading style-1022 style-local-214-c5 position-relative h-element\">\n                  <!---->\n                  <div class=\"h-heading__outer style-1022 style-local-214-c5\">\n                    <!---->\n                    <!---->\n                    <h3 class=\"\">Do you have any questions about our services or would like further information? Please contact us using the form below.<\/h3>\n                  <\/div>\n                <\/div>\n              <\/div>\n            <\/div>\n          <\/div>\n        <\/div>\n      <\/div>\n      <div data-colibri-id=\"214-c6\" class=\"h-row-container gutters-row-lg-2 gutters-row-md-2 gutters-row-0 gutters-row-v-lg-2 gutters-row-v-md-2 gutters-row-v-2 style-294 style-local-214-c6 position-relative\">\n        <!---->\n        <div class=\"h-row justify-content-lg-center justify-content-md-center justify-content-center align-items-lg-stretch align-items-md-stretch align-items-stretch gutters-col-lg-2 gutters-col-md-2 gutters-col-0 gutters-col-v-lg-2 gutters-col-v-md-2 gutters-col-v-2\">\n          <!---->\n          <div class=\"h-column h-column-container d-flex h-col-lg-auto h-col-md-auto h-col-auto style-295-outer style-local-214-c7-outer\">\n            <div data-colibri-id=\"214-c7\" class=\"d-flex h-flex-basis h-column__inner h-px-lg-2 h-px-md-2 h-px-2 v-inner-lg-2 v-inner-md-2 v-inner-2 style-295 style-local-214-c7 position-relative\">\n              <!---->\n              <!---->\n              <div class=\"w-100 h-y-container h-column__content h-column__v-align flex-basis-100 align-self-lg-start align-self-md-start align-self-start\">\n                <!---->\n                <div data-colibri-id=\"214-c8\" class=\"h-text h-text-component style-458 style-local-214-c8 position-relative h-element\">\n                  <!---->\n                  <!---->\n                  <div class=\"\">\n                    <p>Please fill in all the necessary information, we will then process your request promptly and carefully and get back to you as soon as possible.<\/p>\n                  <\/div>\n                <\/div>\n              <\/div>\n            <\/div>\n          <\/div>\n        <\/div>\n      <\/div>\n    <\/div>\n  <\/div>\n  <div data-colibri-component=\"section\" data-colibri-id=\"214-c9\" id=\"custom\" class=\"h-section h-section-global-spacing d-flex align-items-lg-center align-items-md-center align-items-center style-297 style-local-214-c9 position-relative\">\n    <!---->\n    <!---->\n    <div class=\"h-section-grid-container h-section-boxed-container\">\n      <!---->\n      <div data-colibri-id=\"214-c10\" class=\"h-row-container gutters-row-lg-2 gutters-row-md-2 gutters-row-0 gutters-row-v-lg-2 gutters-row-v-md-2 gutters-row-v-2 style-298 style-local-214-c10 position-relative\">\n        <!---->\n        <div class=\"h-row justify-content-lg-center justify-content-md-center justify-content-center align-items-lg-stretch align-items-md-stretch align-items-stretch gutters-col-lg-2 gutters-col-md-2 gutters-col-0 gutters-col-v-lg-2 gutters-col-v-md-2 gutters-col-v-2\">\n          <!---->\n          <div class=\"h-column h-column-container d-flex h-col-lg-auto h-col-md-auto h-col-auto style-299-outer style-local-214-c11-outer\">\n            <div data-colibri-id=\"214-c11\" class=\"d-flex h-flex-basis h-column__inner h-px-lg-2 h-px-md-2 h-px-2 v-inner-lg-2 v-inner-md-2 v-inner-2 style-299 style-local-214-c11 position-relative\">\n              <!---->\n              <!---->\n              <div class=\"w-100 h-y-container h-column__content h-column__v-align flex-basis-100 align-self-lg-start align-self-md-start align-self-start\">\n                <!---->\n                <div data-colibri-id=\"214-c12\" class=\"h-contact-form__outer--forminator style-301 style-local-214-c12 position-relative h-element\">\n                  <!---->\n                  <div class=\"h-global-transition-all h-global-transition h-global-transition-all h-contact-form-shortcode\"><div class=\"forminator-ui forminator-custom-form forminator-custom-form-216 forminator-design--basic  forminator_ajax\" data-forminator-render=\"0\" data-form=\"forminator-module-216\" data-uid=\"69fb4283607cd\"><br\/><\/div><form\n\t\t\t\tid=\"forminator-module-216\"\n\t\t\t\tclass=\"forminator-ui forminator-custom-form forminator-custom-form-216 forminator-design--basic  forminator_ajax\"\n\t\t\t\tmethod=\"post\"\n\t\t\t\tdata-forminator-render=\"0\"\n\t\t\t\tdata-form-id=\"216\"\n\t\t\t\t data-color-option=\"theme\" data-design=\"basic\" data-grid=\"open\" style=\"display: none;\"\n\t\t\t\tdata-uid=\"69fb4283607cd\" action=\"\"\n\t\t\t><div role=\"alert\" aria-live=\"polite\" class=\"forminator-response-message forminator-error\" aria-hidden=\"true\"><\/div><div class=\"forminator-row\"><div id=\"text-1\" class=\"forminator-field-text forminator-col forminator-col-6\"><div class=\"forminator-field\"><label for=\"forminator-field-text-1_69fb4283607cd\" id=\"forminator-field-text-1_69fb4283607cd-label\" class=\"forminator-label\">Company<\/label><input type=\"text\" name=\"text-1\" value=\"\" placeholder=\"\" id=\"forminator-field-text-1_69fb4283607cd\" class=\"forminator-input forminator-name--field\" data-required=\"\" \/><\/div><\/div><div id=\"text-2\" class=\"forminator-field-text forminator-col forminator-col-6\"><div class=\"forminator-field\"><label for=\"forminator-field-text-2_69fb4283607cd\" id=\"forminator-field-text-2_69fb4283607cd-label\" class=\"forminator-label\">Department<\/label><input type=\"text\" name=\"text-2\" value=\"\" placeholder=\"\" id=\"forminator-field-text-2_69fb4283607cd\" class=\"forminator-input forminator-name--field\" data-required=\"\" \/><\/div><\/div><\/div><div class=\"forminator-row\"><div id=\"name-1\" class=\"forminator-field-name forminator-col forminator-col-6\"><div class=\"forminator-field\"><label for=\"forminator-field-name-1_69fb4283607cd\" id=\"forminator-field-name-1_69fb4283607cd-label\" class=\"forminator-label\">First name <span class=\"forminator-required\">*<\/span><\/label><input type=\"text\" name=\"name-1\" value=\"\" placeholder=\"\" id=\"forminator-field-name-1_69fb4283607cd\" class=\"forminator-input forminator-name--field\" aria-required=\"true\" autocomplete=\"name\" \/><\/div><\/div><div id=\"name-2\" class=\"forminator-field-name forminator-col forminator-col-6\"><div class=\"forminator-field\"><label for=\"forminator-field-name-2_69fb4283607cd\" id=\"forminator-field-name-2_69fb4283607cd-label\" class=\"forminator-label\">Surname <span class=\"forminator-required\">*<\/span><\/label><input type=\"text\" name=\"name-2\" value=\"\" placeholder=\"\" id=\"forminator-field-name-2_69fb4283607cd\" class=\"forminator-input forminator-name--field\" aria-required=\"true\" autocomplete=\"name\" \/><\/div><\/div><\/div><div class=\"forminator-row\"><div id=\"email-1\" class=\"forminator-field-email forminator-col forminator-col-6\"><div class=\"forminator-field\"><label for=\"forminator-field-email-1_69fb4283607cd\" id=\"forminator-field-email-1_69fb4283607cd-label\" class=\"forminator-label\">E-Mail address <span class=\"forminator-required\">*<\/span><\/label><input type=\"email\" name=\"email-1\" value=\"\" placeholder=\"\" id=\"forminator-field-email-1_69fb4283607cd\" class=\"forminator-input forminator-email--field\" data-required=\"true\" aria-required=\"true\" autocomplete=\"email\" \/><\/div><\/div><div id=\"phone-1\" class=\"forminator-field-phone forminator-col forminator-col-6\"><div class=\"forminator-field\"><label for=\"forminator-field-phone-1_69fb4283607cd\" id=\"forminator-field-phone-1_69fb4283607cd-label\" class=\"forminator-label\">Phone number<\/label><input type=\"text\" name=\"phone-1\" value=\"\" placeholder=\"\" id=\"forminator-field-phone-1_69fb4283607cd\" class=\"forminator-input forminator-field--phone\" data-required=\"\" aria-required=\"false\" autocomplete=\"off\" data-national_mode=\"disabled\" data-country=\"de\" data-validation=\"international\" \/><\/div><\/div><\/div><div class=\"forminator-row\"><div id=\"name-3\" class=\"forminator-field-name forminator-col forminator-col-12\"><div class=\"forminator-field\"><label for=\"forminator-field-name-3_69fb4283607cd\" id=\"forminator-field-name-3_69fb4283607cd-label\" class=\"forminator-label\">Reference <span class=\"forminator-required\">*<\/span><\/label><input type=\"text\" name=\"name-3\" value=\"\" placeholder=\"\" id=\"forminator-field-name-3_69fb4283607cd\" class=\"forminator-input forminator-name--field\" aria-required=\"true\" autocomplete=\"name\" \/><\/div><\/div><\/div><div class=\"forminator-row\"><div id=\"textarea-1\" class=\"forminator-field-textarea forminator-col forminator-col-12\"><div class=\"forminator-field\"><label for=\"forminator-field-textarea-1_69fb4283607cd\" id=\"forminator-field-textarea-1_69fb4283607cd-label\" class=\"forminator-label\">Message <span class=\"forminator-required\">*<\/span><\/label><span id=\"forminator-field-textarea-1_69fb4283607cd-description\" class=\"forminator-description\"><span data-limit=\"500\" data-type=\"characters\" data-editor=\"\">0 \/ 500<\/span><\/span><textarea name=\"textarea-1\" placeholder=\"\" id=\"forminator-field-textarea-1_69fb4283607cd\" class=\"forminator-textarea\" rows=\"6\" style=\"min-height:140px;\" maxlength=\"500\" ><\/textarea><\/div><\/div><\/div><div class=\"forminator-row\"><\/div><input type=\"hidden\" name=\"referer_url\" value=\"\" \/><div class=\"forminator-row forminator-row-last\"><div class=\"forminator-col\"><div class=\"forminator-field\"><button class=\"forminator-button forminator-button-submit\">Send it<\/button><\/div><\/div><\/div><input type=\"hidden\" id=\"forminator_nonce\" name=\"forminator_nonce\" value=\"945e648e15\" \/><input type=\"hidden\" name=\"_wp_http_referer\" value=\"\/en\/wp-json\/wp\/v2\/pages\/214\" \/><input type=\"hidden\" name=\"form_id\" value=\"216\"><input type=\"hidden\" name=\"page_id\" value=\"214\"><input type=\"hidden\" name=\"form_type\" value=\"default\"><input type=\"hidden\" name=\"current_url\" value=\"https:\/\/www.netmedia-gmbh.com\/en\/kontakt\/\"><input type=\"hidden\" name=\"render_id\" value=\"0\"><input type=\"hidden\" name=\"action\" value=\"forminator_submit_form_custom-forms\"><input type=\"hidden\" name=\"trp-form-language\" value=\"en\"\/><\/form><\/div>\n                <\/div>\n              <\/div>\n            <\/div>\n          <\/div>\n        <\/div>\n      <\/div>\n      <div data-colibri-id=\"214-c13\" class=\"h-row-container gutters-row-lg-2 gutters-row-md-2 gutters-row-0 gutters-row-v-lg-2 gutters-row-v-md-2 gutters-row-v-2 style-1189 style-local-214-c13 position-relative\">\n        <!---->\n        <div class=\"h-row justify-content-lg-center justify-content-md-center justify-content-center align-items-lg-stretch align-items-md-stretch align-items-stretch gutters-col-lg-2 gutters-col-md-2 gutters-col-0 gutters-col-v-lg-2 gutters-col-v-md-2 gutters-col-v-2\">\n          <!---->\n          <div class=\"h-column h-column-container d-flex h-col-lg-auto h-col-md-auto h-col-auto style-1190-outer style-local-214-c14-outer\">\n            <div data-colibri-id=\"214-c14\" class=\"d-flex h-flex-basis h-column__inner h-px-lg-2 h-px-md-2 h-px-2 v-inner-lg-2 v-inner-md-2 v-inner-2 style-1190 style-local-214-c14 position-relative\">\n              <!---->\n              <!---->\n              <div class=\"w-100 h-y-container h-column__content h-column__v-align flex-basis-100 align-self-lg-start align-self-md-start align-self-start\">\n                <!---->\n                <div data-colibri-id=\"214-c15\" class=\"h-x-container style-1191 style-local-214-c15 position-relative h-element\">\n                  <!---->\n                  <div class=\"h-x-container-inner style-dynamic-214-c15-group style-1191-spacing style-local-214-c15-spacing\"><span class=\"h-link__outer style-1192-outer style-local-214-c16-outer d-inline-flex h-element\"><a h-use-smooth-scroll=\"true\" href=\"https:\/\/www.netmedia-gmbh.com\/en\/impressum\/\"  data-colibri-id=\"214-c16\" class=\"d-flex w-100 align-items-center h-link style-1192 style-local-214-c16 position-relative\"><!----><!----> <span>For the collection and processing of your specified personal information, you will find information in our legal notice, within the imprint and data protection. <\/span><\/a>\n                    <\/span>\n                  <\/div>\n                <\/div>\n              <\/div>\n            <\/div>\n          <\/div>\n        <\/div>\n      <\/div>\n    <\/div>\n  <\/div>\n<\/div>","protected":false},"excerpt":{"rendered":"<p>Haben Sie Fragen zu unseren Leistungen oder w\u00fcnschen weitere Informationen? Kontaktieren Sie uns bitte \u00fcber das unten folgende Formular. Bitte f\u00fcllen Sie alle notwendigen Informationen aus, folgend werden wir Ihr Anliegen zeitnah und sorgf\u00e4ltig bearbeiten und melden und so bald wie m\u00f6glich bei Ihnen. Zur Erhebung und Verarbeitung Ihrer angegebenen pers\u00f6nlichen Informationen, finden Sie Informationen [&hellip;]<\/p>\n","protected":false},"author":1,"featured_media":0,"parent":0,"menu_order":5,"comment_status":"closed","ping_status":"closed","template":"page-templates\/full-width-page.php","meta":{"footnotes":""},"class_list":["post-214","page","type-page","status-publish","hentry"],"yoast_head":"<!-- This site is optimized with the Yoast SEO plugin v27.4 - https:\/\/yoast.com\/product\/yoast-seo-wordpress\/ -->\n<title>Kontakt - netmedia GmbH<\/title>\n<meta name=\"robots\" content=\"index, follow, max-snippet:-1, max-image-preview:large, max-video-preview:-1\" \/>\n<link rel=\"canonical\" href=\"https:\/\/wordpress.external.netmedia-gmbh.com\/kontakt\/\" \/>\n<meta property=\"og:locale\" content=\"en_GB\" \/>\n<meta property=\"og:type\" content=\"article\" \/>\n<meta property=\"og:title\" content=\"Kontakt - netmedia GmbH\" \/>\n<meta property=\"og:description\" content=\"Haben Sie Fragen zu unseren Leistungen oder w\u00fcnschen weitere Informationen? Kontaktieren Sie uns bitte \u00fcber das unten folgende Formular. Bitte f\u00fcllen Sie alle notwendigen Informationen aus, folgend werden wir Ihr Anliegen zeitnah und sorgf\u00e4ltig bearbeiten und melden und so bald wie m\u00f6glich bei Ihnen. Zur Erhebung und Verarbeitung Ihrer angegebenen pers\u00f6nlichen Informationen, finden Sie Informationen [&hellip;]\" \/>\n<meta property=\"og:url\" content=\"https:\/\/wordpress.external.netmedia-gmbh.com\/kontakt\/\" \/>\n<meta property=\"og:site_name\" content=\"netmedia GmbH\" \/>\n<meta property=\"article:modified_time\" content=\"2025-08-18T12:50:15+00:00\" \/>\n<meta property=\"og:image\" content=\"https:\/\/www.netmedia-gmbh.com\/wp-content\/uploads\/2025\/09\/SEO-Pic_1200x675_nm-logo-city-net-bg.jpg\" \/>\n\t<meta property=\"og:image:width\" content=\"1200\" \/>\n\t<meta property=\"og:image:height\" content=\"675\" \/>\n\t<meta property=\"og:image:type\" content=\"image\/jpeg\" \/>\n<meta name=\"twitter:card\" content=\"summary_large_image\" \/>\n<script type=\"application\/ld+json\" class=\"yoast-schema-graph\">{\"@context\":\"https:\\\/\\\/schema.org\",\"@graph\":[{\"@type\":\"WebPage\",\"@id\":\"https:\\\/\\\/wordpress.external.netmedia-gmbh.com\\\/kontakt\\\/\",\"url\":\"https:\\\/\\\/wordpress.external.netmedia-gmbh.com\\\/kontakt\\\/\",\"name\":\"Kontakt - netmedia GmbH\",\"isPartOf\":{\"@id\":\"https:\\\/\\\/wordpress.external.netmedia-gmbh.com\\\/#website\"},\"datePublished\":\"2025-05-23T10:31:57+00:00\",\"dateModified\":\"2025-08-18T12:50:15+00:00\",\"breadcrumb\":{\"@id\":\"https:\\\/\\\/wordpress.external.netmedia-gmbh.com\\\/kontakt\\\/#breadcrumb\"},\"inLanguage\":\"en-GB\",\"potentialAction\":[{\"@type\":\"ReadAction\",\"target\":[\"https:\\\/\\\/wordpress.external.netmedia-gmbh.com\\\/kontakt\\\/\"]}]},{\"@type\":\"BreadcrumbList\",\"@id\":\"https:\\\/\\\/wordpress.external.netmedia-gmbh.com\\\/kontakt\\\/#breadcrumb\",\"itemListElement\":[{\"@type\":\"ListItem\",\"position\":1,\"name\":\"Startseite\",\"item\":\"https:\\\/\\\/wordpress.external.netmedia-gmbh.com\\\/\"},{\"@type\":\"ListItem\",\"position\":2,\"name\":\"Kontakt\"}]},{\"@type\":\"WebSite\",\"@id\":\"https:\\\/\\\/wordpress.external.netmedia-gmbh.com\\\/#website\",\"url\":\"https:\\\/\\\/wordpress.external.netmedia-gmbh.com\\\/\",\"name\":\"netmedia GmbH\",\"description\":\"IT-L\u00f6sungen f\u00fcr Ihr Unternehmen - Ihr starker Partner im Bereich Netzwerk, Hardware und Software\",\"publisher\":{\"@id\":\"https:\\\/\\\/wordpress.external.netmedia-gmbh.com\\\/#organization\"},\"potentialAction\":[{\"@type\":\"SearchAction\",\"target\":{\"@type\":\"EntryPoint\",\"urlTemplate\":\"https:\\\/\\\/wordpress.external.netmedia-gmbh.com\\\/?s={search_term_string}\"},\"query-input\":{\"@type\":\"PropertyValueSpecification\",\"valueRequired\":true,\"valueName\":\"search_term_string\"}}],\"inLanguage\":\"en-GB\"},{\"@type\":\"Organization\",\"@id\":\"https:\\\/\\\/wordpress.external.netmedia-gmbh.com\\\/#organization\",\"name\":\"netmedia GmbH\",\"url\":\"https:\\\/\\\/wordpress.external.netmedia-gmbh.com\\\/\",\"logo\":{\"@type\":\"ImageObject\",\"inLanguage\":\"en-GB\",\"@id\":\"https:\\\/\\\/wordpress.external.netmedia-gmbh.com\\\/#\\\/schema\\\/logo\\\/image\\\/\",\"url\":\"https:\\\/\\\/www.netmedia-gmbh.com\\\/wp-content\\\/uploads\\\/2025\\\/05\\\/cropped-nm_logo_1450x335px_transp.png\",\"contentUrl\":\"https:\\\/\\\/www.netmedia-gmbh.com\\\/wp-content\\\/uploads\\\/2025\\\/05\\\/cropped-nm_logo_1450x335px_transp.png\",\"width\":1449,\"height\":313,\"caption\":\"netmedia GmbH\"},\"image\":{\"@id\":\"https:\\\/\\\/wordpress.external.netmedia-gmbh.com\\\/#\\\/schema\\\/logo\\\/image\\\/\"}}]}<\/script>\n<!-- \/ Yoast SEO plugin. -->","yoast_head_json":{"title":"Kontakt - netmedia GmbH","robots":{"index":"index","follow":"follow","max-snippet":"max-snippet:-1","max-image-preview":"max-image-preview:large","max-video-preview":"max-video-preview:-1"},"canonical":"https:\/\/wordpress.external.netmedia-gmbh.com\/kontakt\/","og_locale":"en_GB","og_type":"article","og_title":"Kontakt - netmedia GmbH","og_description":"Haben Sie Fragen zu unseren Leistungen oder w\u00fcnschen weitere Informationen? Kontaktieren Sie uns bitte \u00fcber das unten folgende Formular. Bitte f\u00fcllen Sie alle notwendigen Informationen aus, folgend werden wir Ihr Anliegen zeitnah und sorgf\u00e4ltig bearbeiten und melden und so bald wie m\u00f6glich bei Ihnen. Zur Erhebung und Verarbeitung Ihrer angegebenen pers\u00f6nlichen Informationen, finden Sie Informationen [&hellip;]","og_url":"https:\/\/wordpress.external.netmedia-gmbh.com\/kontakt\/","og_site_name":"netmedia GmbH","article_modified_time":"2025-08-18T12:50:15+00:00","og_image":[{"width":1200,"height":675,"url":"https:\/\/www.netmedia-gmbh.com\/wp-content\/uploads\/2025\/09\/SEO-Pic_1200x675_nm-logo-city-net-bg.jpg","type":"image\/jpeg"}],"twitter_card":"summary_large_image","schema":{"@context":"https:\/\/schema.org","@graph":[{"@type":"WebPage","@id":"https:\/\/wordpress.external.netmedia-gmbh.com\/kontakt\/","url":"https:\/\/wordpress.external.netmedia-gmbh.com\/kontakt\/","name":"Kontakt - netmedia GmbH","isPartOf":{"@id":"https:\/\/wordpress.external.netmedia-gmbh.com\/#website"},"datePublished":"2025-05-23T10:31:57+00:00","dateModified":"2025-08-18T12:50:15+00:00","breadcrumb":{"@id":"https:\/\/wordpress.external.netmedia-gmbh.com\/kontakt\/#breadcrumb"},"inLanguage":"en-GB","potentialAction":[{"@type":"ReadAction","target":["https:\/\/wordpress.external.netmedia-gmbh.com\/kontakt\/"]}]},{"@type":"BreadcrumbList","@id":"https:\/\/wordpress.external.netmedia-gmbh.com\/kontakt\/#breadcrumb","itemListElement":[{"@type":"ListItem","position":1,"name":"Startseite","item":"https:\/\/wordpress.external.netmedia-gmbh.com\/"},{"@type":"ListItem","position":2,"name":"Kontakt"}]},{"@type":"WebSite","@id":"https:\/\/wordpress.external.netmedia-gmbh.com\/#website","url":"https:\/\/wordpress.external.netmedia-gmbh.com\/","name":"netmedia GmbH","description":"IT-L\u00f6sungen f\u00fcr Ihr Unternehmen - Ihr starker Partner im Bereich Netzwerk, Hardware und Software","publisher":{"@id":"https:\/\/wordpress.external.netmedia-gmbh.com\/#organization"},"potentialAction":[{"@type":"SearchAction","target":{"@type":"EntryPoint","urlTemplate":"https:\/\/wordpress.external.netmedia-gmbh.com\/?s={search_term_string}"},"query-input":{"@type":"PropertyValueSpecification","valueRequired":true,"valueName":"search_term_string"}}],"inLanguage":"en-GB"},{"@type":"Organization","@id":"https:\/\/wordpress.external.netmedia-gmbh.com\/#organization","name":"netmedia GmbH","url":"https:\/\/wordpress.external.netmedia-gmbh.com\/","logo":{"@type":"ImageObject","inLanguage":"en-GB","@id":"https:\/\/wordpress.external.netmedia-gmbh.com\/#\/schema\/logo\/image\/","url":"https:\/\/www.netmedia-gmbh.com\/wp-content\/uploads\/2025\/05\/cropped-nm_logo_1450x335px_transp.png","contentUrl":"https:\/\/www.netmedia-gmbh.com\/wp-content\/uploads\/2025\/05\/cropped-nm_logo_1450x335px_transp.png","width":1449,"height":313,"caption":"netmedia GmbH"},"image":{"@id":"https:\/\/wordpress.external.netmedia-gmbh.com\/#\/schema\/logo\/image\/"}}]}},"_links":{"self":[{"href":"https:\/\/www.netmedia-gmbh.com\/en\/wp-json\/wp\/v2\/pages\/214","targetHints":{"allow":["GET"]}}],"collection":[{"href":"https:\/\/www.netmedia-gmbh.com\/en\/wp-json\/wp\/v2\/pages"}],"about":[{"href":"https:\/\/www.netmedia-gmbh.com\/en\/wp-json\/wp\/v2\/types\/page"}],"author":[{"embeddable":true,"href":"https:\/\/www.netmedia-gmbh.com\/en\/wp-json\/wp\/v2\/users\/1"}],"replies":[{"embeddable":true,"href":"https:\/\/www.netmedia-gmbh.com\/en\/wp-json\/wp\/v2\/comments?post=214"}],"version-history":[{"count":18,"href":"https:\/\/www.netmedia-gmbh.com\/en\/wp-json\/wp\/v2\/pages\/214\/revisions"}],"predecessor-version":[{"id":1365,"href":"https:\/\/www.netmedia-gmbh.com\/en\/wp-json\/wp\/v2\/pages\/214\/revisions\/1365"}],"wp:attachment":[{"href":"https:\/\/www.netmedia-gmbh.com\/en\/wp-json\/wp\/v2\/media?parent=214"}],"curies":[{"name":"wp","href":"https:\/\/api.w.org\/{rel}","templated":true}]}}