{"id":140,"date":"2025-05-21T10:11:45","date_gmt":"2025-05-21T08:11:45","guid":{"rendered":"https:\/\/www.netmedia-gmbh.com\/?page_id=140"},"modified":"2025-09-16T12:53:05","modified_gmt":"2025-09-16T10:53:05","slug":"impressum","status":"publish","type":"page","link":"https:\/\/www.netmedia-gmbh.com\/en\/impressum\/","title":{"rendered":"Imprint"},"content":{"rendered":"<div data-colibri-id=\"140-c1\" class=\"style-1140 style-local-140-c1 position-relative\">\n  <!---->\n  <div data-colibri-component=\"section\" data-colibri-id=\"140-c2\" id=\"initial-content\" class=\"h-section h-section-global-spacing d-flex align-items-lg-center align-items-md-center align-items-center style-1141 style-local-140-c2 position-relative\">\n    <!---->\n    <!---->\n    <div class=\"h-section-grid-container h-section-boxed-container\">\n      <!---->\n      <div data-colibri-id=\"140-c3\" class=\"h-row-container gutters-row-lg-2 gutters-row-md-2 gutters-row-0 gutters-row-v-lg-2 gutters-row-v-md-2 gutters-row-v-2 style-1161 style-local-140-c3 position-relative\">\n        <!---->\n        <div class=\"h-row justify-content-lg-center justify-content-md-center justify-content-center align-items-lg-stretch align-items-md-stretch align-items-stretch gutters-col-lg-2 gutters-col-md-2 gutters-col-0 gutters-col-v-lg-2 gutters-col-v-md-2 gutters-col-v-2\">\n          <!---->\n          <div class=\"h-column h-column-container d-flex h-col-lg-auto h-col-md-auto h-col-auto style-1162-outer style-local-140-c4-outer\">\n            <div data-colibri-id=\"140-c4\" class=\"d-flex h-flex-basis h-column__inner h-px-lg-2 h-px-md-2 h-px-2 v-inner-lg-2 v-inner-md-2 v-inner-2 style-1162 style-local-140-c4 position-relative\">\n              <!---->\n              <!---->\n              <div class=\"w-100 h-y-container h-column__content h-column__v-align flex-basis-100 align-self-lg-start align-self-md-start align-self-start\">\n                <!---->\n                <div data-colibri-id=\"140-c5\" class=\"h-text h-text-component style-1164 style-local-140-c5 position-relative h-element\">\n                  <!---->\n                  <!---->\n                  <div class=\"\">\n                    <p>Company information according to section 6 of the Teleservices Act (TDG)<\/p>\n                    <p>netmedia GmbH\n                      <br> Managing Partner: Udo Schlegel\n                      <br> Gallandiweg 8a\n                      <br> 14089 Berlin<\/p>\n                    <p>Competent registry court: Amtsgericht Charlottenburg, HRB 115370 B\n                      <br> VAT-ID: DE254068616\n                      <br>\n                    <\/p>\n                  <\/div>\n                <\/div>\n              <\/div>\n            <\/div>\n          <\/div>\n        <\/div>\n      <\/div>\n      <div data-colibri-id=\"140-c6\" id=\"datenschutz\" class=\"h-row-container gutters-row-lg-2 gutters-row-md-2 gutters-row-0 gutters-row-v-lg-2 gutters-row-v-md-2 gutters-row-v-2 style-1219 style-local-140-c6 position-relative\">\n        <!---->\n        <div class=\"h-row justify-content-lg-center justify-content-md-center justify-content-center align-items-lg-stretch align-items-md-stretch align-items-stretch gutters-col-lg-2 gutters-col-md-2 gutters-col-0 gutters-col-v-lg-2 gutters-col-v-md-2 gutters-col-v-2\">\n          <!---->\n          <div class=\"h-column h-column-container d-flex h-col-lg-auto h-col-md-auto h-col-auto style-1220-outer style-local-140-c7-outer\">\n            <div data-colibri-id=\"140-c7\" class=\"d-flex h-flex-basis h-column__inner h-px-lg-2 h-px-md-2 h-px-2 v-inner-lg-2 v-inner-md-2 v-inner-2 style-1220 style-local-140-c7 position-relative\">\n              <!---->\n              <!---->\n              <div class=\"w-100 h-y-container h-column__content h-column__v-align flex-basis-100 align-self-lg-start align-self-md-start align-self-start\">\n                <!---->\n                <div data-colibri-id=\"140-c8\" class=\"h-x-container style-1222 style-local-140-c8 position-relative h-element\">\n                  <!---->\n                  <div class=\"h-x-container-inner style-dynamic-140-c8-group style-1222-spacing style-local-140-c8-spacing\"><span class=\"h-link__outer style-1223-outer style-local-140-c9-outer d-inline-flex h-element\"><a h-use-smooth-scroll=\"true\" href=\"https:\/\/www.netmedia-gmbh.com\/en\/kontakt\/\"  data-colibri-id=\"140-c9\" class=\"d-flex w-100 align-items-center h-link style-1223 style-local-140-c9 position-relative\"><!----><!----> <span>Please feel free to contact us using the contact form linked here.<\/span><\/a>\n                    <\/span>\n                  <\/div>\n                <\/div>\n              <\/div>\n            <\/div>\n          <\/div>\n        <\/div>\n      <\/div>\n    <\/div>\n  <\/div>\n  <div data-colibri-component=\"section\" data-colibri-id=\"140-c10\" id=\"custom\" class=\"h-section h-section-global-spacing d-flex align-items-lg-center align-items-md-center align-items-center style-1145 style-local-140-c10 position-relative\">\n    <!---->\n    <!---->\n    <div class=\"h-section-grid-container h-section-boxed-container\">\n      <!---->\n      <div data-colibri-id=\"140-c11\" class=\"h-row-container gutters-row-lg-2 gutters-row-md-2 gutters-row-0 gutters-row-v-lg-2 gutters-row-v-md-2 gutters-row-v-2 style-1146 style-local-140-c11 position-relative\">\n        <!---->\n        <div class=\"h-row justify-content-lg-center justify-content-md-center justify-content-center align-items-lg-stretch align-items-md-stretch align-items-stretch gutters-col-lg-2 gutters-col-md-2 gutters-col-0 gutters-col-v-lg-2 gutters-col-v-md-2 gutters-col-v-2\">\n          <!---->\n          <div class=\"h-column h-column-container d-flex h-col-lg-auto h-col-md-auto h-col-auto style-1147-outer style-local-140-c12-outer\">\n            <div data-colibri-id=\"140-c12\" class=\"d-flex h-flex-basis h-column__inner h-px-lg-2 h-px-md-2 h-px-2 v-inner-lg-2 v-inner-md-2 v-inner-2 style-1147 style-local-140-c12 position-relative\">\n              <!---->\n              <!---->\n              <div class=\"w-100 h-y-container h-column__content h-column__v-align flex-basis-100 align-self-lg-start align-self-md-start align-self-start\">\n                <!---->\n                <div data-colibri-id=\"140-c13\" class=\"h-global-transition-all h-heading style-1148 style-local-140-c13 position-relative h-element\">\n                  <!---->\n                  <div class=\"h-heading__outer style-1148 style-local-140-c13\">\n                    <!---->\n                    <!---->\n                    <h3 class=\"\">Data Protection<\/h3>\n                  <\/div>\n                <\/div>\n              <\/div>\n            <\/div>\n          <\/div>\n        <\/div>\n      <\/div>\n      <div data-colibri-id=\"140-c14\" class=\"h-row-container gutters-row-lg-2 gutters-row-md-2 gutters-row-0 gutters-row-v-lg-2 gutters-row-v-md-2 gutters-row-v-2 style-1149 style-local-140-c14 position-relative\">\n        <!---->\n        <div class=\"h-row justify-content-lg-center justify-content-md-center justify-content-center align-items-lg-stretch align-items-md-stretch align-items-stretch gutters-col-lg-2 gutters-col-md-2 gutters-col-0 gutters-col-v-lg-2 gutters-col-v-md-2 gutters-col-v-2\">\n          <!---->\n          <div class=\"h-column h-column-container d-flex h-col-lg-auto h-col-md-auto h-col-auto style-1150-outer style-local-140-c15-outer\">\n            <div data-colibri-id=\"140-c15\" class=\"d-flex h-flex-basis h-column__inner h-px-lg-2 h-px-md-2 h-px-2 v-inner-lg-2 v-inner-md-2 v-inner-2 style-1150 style-local-140-c15 position-relative\">\n              <!---->\n              <!---->\n              <div class=\"w-100 h-y-container h-column__content h-column__v-align flex-basis-100 align-self-lg-start align-self-md-start align-self-start\">\n                <!---->\n                <div data-colibri-id=\"140-c16\" class=\"h-text h-text-component style-1152 style-local-140-c16 position-relative h-element\">\n                  <!---->\n                  <!---->\n                  <div class=\"\">\n                    <p>The contact form we provide you on our website collects and processes the following personal data:<\/p>\n                    <ul>\n                      <li>Company<\/li>\n                      <li>Department<\/li>\n                      <li>First name<\/li>\n                      <li>Surname<\/li>\n                      <li>E-Mail address<\/li>\n                      <li>Phone number<\/li>\n                    <\/ul>\n                    <p class=\"translation-block\">The mandatory information that needs to be provided is marked with an * within the contact form.<\/p>\n                    <p>The data is stored exclusively for the purpose of transmitting inquiries and responding to them. The mandatory information serves to assign and respond to your request. This is in our legitimate interest (Art. 6 (1) (f) GDPR). In the case of obtaining information about products or services, the processing is carried out to carry out pre-contractual measures (Art. 6 (1) (b) GDPR).<\/p>\n                  <\/div>\n                <\/div>\n              <\/div>\n            <\/div>\n          <\/div>\n        <\/div>\n      <\/div>\n    <\/div>\n  <\/div>\n  <div data-colibri-component=\"section\" data-colibri-id=\"140-c17\" id=\"custom-2\" class=\"h-section h-section-global-spacing d-flex align-items-lg-center align-items-md-center align-items-center style-1165 style-local-140-c17 position-relative\">\n    <!---->\n    <!---->\n    <div class=\"h-section-grid-container h-section-boxed-container\">\n      <!---->\n      <div data-colibri-id=\"140-c18\" class=\"h-row-container gutters-row-lg-2 gutters-row-md-2 gutters-row-0 gutters-row-v-lg-2 gutters-row-v-md-2 gutters-row-v-2 style-1166 style-local-140-c18 position-relative\">\n        <!---->\n        <div class=\"h-row justify-content-lg-center justify-content-md-center justify-content-center align-items-lg-stretch align-items-md-stretch align-items-stretch gutters-col-lg-2 gutters-col-md-2 gutters-col-0 gutters-col-v-lg-2 gutters-col-v-md-2 gutters-col-v-2\">\n          <!---->\n          <div class=\"h-column h-column-container d-flex h-col-lg-auto h-col-md-auto h-col-auto style-1167-outer style-local-140-c19-outer\">\n            <div data-colibri-id=\"140-c19\" class=\"d-flex h-flex-basis h-column__inner h-px-lg-2 h-px-md-2 h-px-2 v-inner-lg-2 v-inner-md-2 v-inner-2 style-1167 style-local-140-c19 position-relative\">\n              <!---->\n              <!---->\n              <div class=\"w-100 h-y-container h-column__content h-column__v-align flex-basis-100 align-self-lg-start align-self-md-start align-self-start\">\n                <!---->\n                <div data-colibri-id=\"140-c20\" class=\"h-global-transition-all h-heading style-1168 style-local-140-c20 position-relative h-element\">\n                  <!---->\n                  <div class=\"h-heading__outer style-1168 style-local-140-c20\">\n                    <!---->\n                    <!---->\n                    <h3 class=\"\">Disclaimer<\/h3>\n                  <\/div>\n                <\/div>\n              <\/div>\n            <\/div>\n          <\/div>\n        <\/div>\n      <\/div>\n      <div data-colibri-id=\"140-c21\" class=\"h-row-container gutters-row-lg-2 gutters-row-md-2 gutters-row-0 gutters-row-v-lg-2 gutters-row-v-md-2 gutters-row-v-2 style-1169 style-local-140-c21 position-relative\">\n        <!---->\n        <div class=\"h-row justify-content-lg-center justify-content-md-center justify-content-center align-items-lg-stretch align-items-md-stretch align-items-stretch gutters-col-lg-2 gutters-col-md-2 gutters-col-0 gutters-col-v-lg-2 gutters-col-v-md-2 gutters-col-v-2\">\n          <!---->\n          <div class=\"h-column h-column-container d-flex h-col-lg-auto h-col-md-auto h-col-auto style-1170-outer style-local-140-c22-outer\">\n            <div data-colibri-id=\"140-c22\" class=\"d-flex h-flex-basis h-column__inner h-px-lg-2 h-px-md-2 h-px-2 v-inner-lg-2 v-inner-md-2 v-inner-2 style-1170 style-local-140-c22 position-relative\">\n              <!---->\n              <!---->\n              <div class=\"w-100 h-y-container h-column__content h-column__v-align flex-basis-100 align-self-lg-start align-self-md-start align-self-start\">\n                <!---->\n                <div data-colibri-id=\"140-c23\" class=\"h-text h-text-component style-1172 style-local-140-c23 position-relative h-element\">\n                  <!---->\n                  <!---->\n                  <div class=\"\">\n                    <p><span style=\"font-weight: 400; font-size: 16px; font-family: &quot;Open Sans&quot;; color: rgb(70, 112, 127);\">Despite all the care taken to check external content, we do not assume liability to external links. Only the carriers of linked sites are responsible for their content.<\/span><\/p>\n                  <\/div>\n                <\/div>\n              <\/div>\n            <\/div>\n          <\/div>\n        <\/div>\n      <\/div>\n    <\/div>\n  <\/div>\n<\/div>","protected":false},"excerpt":{"rendered":"<p>Unternehmensangaben laut \u00a76 des Teledienstegesetzes (TDG) netmedia GmbH Gesch\u00e4ftsf\u00fchrender Gesellschafter:&nbsp;Udo Schlegel Gallandiweg 8a 14089 Berlin Zust\u00e4ndiges Registergericht: Amtsgericht Charlottenburg, HRB 115370 B USt-ID: DE254068616 Nehmen Sie gern mit uns Kontakt auf, \u00fcber das hier verlinkte Kontaktformular. Datenschutz Wir stellen Ihnen ein Kontaktformular zur Verf\u00fcgung, mit dem wir folgende personenbezogene Daten erheben und verarbeiten: Firma Abteilung [&hellip;]<\/p>\n","protected":false},"author":1,"featured_media":0,"parent":0,"menu_order":6,"comment_status":"closed","ping_status":"closed","template":"page-templates\/full-width-page.php","meta":{"footnotes":""},"class_list":["post-140","page","type-page","status-publish","hentry"],"yoast_head":"<!-- This site is optimized with the Yoast SEO plugin v27.4 - https:\/\/yoast.com\/product\/yoast-seo-wordpress\/ -->\n<title>Impressum - netmedia GmbH<\/title>\n<meta name=\"robots\" content=\"index, follow, max-snippet:-1, max-image-preview:large, max-video-preview:-1\" \/>\n<link rel=\"canonical\" href=\"https:\/\/wordpress.external.netmedia-gmbh.com\/impressum\/\" \/>\n<meta property=\"og:locale\" content=\"en_GB\" \/>\n<meta property=\"og:type\" content=\"article\" \/>\n<meta property=\"og:title\" content=\"Impressum - netmedia GmbH\" \/>\n<meta property=\"og:description\" content=\"Unternehmensangaben laut \u00a76 des Teledienstegesetzes (TDG) netmedia GmbH Gesch\u00e4ftsf\u00fchrender Gesellschafter:&nbsp;Udo Schlegel Gallandiweg 8a 14089 Berlin Zust\u00e4ndiges Registergericht: Amtsgericht Charlottenburg, HRB 115370 B USt-ID: DE254068616 Nehmen Sie gern mit uns Kontakt auf, \u00fcber das hier verlinkte Kontaktformular. Datenschutz Wir stellen Ihnen ein Kontaktformular zur Verf\u00fcgung, mit dem wir folgende personenbezogene Daten erheben und verarbeiten: Firma Abteilung [&hellip;]\" \/>\n<meta property=\"og:url\" content=\"https:\/\/wordpress.external.netmedia-gmbh.com\/impressum\/\" \/>\n<meta property=\"og:site_name\" content=\"netmedia GmbH\" \/>\n<meta property=\"article:modified_time\" content=\"2025-09-16T10:53:05+00:00\" \/>\n<meta property=\"og:image\" content=\"https:\/\/www.netmedia-gmbh.com\/wp-content\/uploads\/2025\/09\/SEO-Pic_1200x675_nm-logo-city-net-bg.jpg\" \/>\n\t<meta property=\"og:image:width\" content=\"1200\" \/>\n\t<meta property=\"og:image:height\" content=\"675\" \/>\n\t<meta property=\"og:image:type\" content=\"image\/jpeg\" \/>\n<meta name=\"twitter:card\" content=\"summary_large_image\" \/>\n<meta name=\"twitter:label1\" content=\"Estimated reading time\" \/>\n\t<meta name=\"twitter:data1\" content=\"1 minute\" \/>\n<script type=\"application\/ld+json\" class=\"yoast-schema-graph\">{\"@context\":\"https:\\\/\\\/schema.org\",\"@graph\":[{\"@type\":\"WebPage\",\"@id\":\"https:\\\/\\\/wordpress.external.netmedia-gmbh.com\\\/impressum\\\/\",\"url\":\"https:\\\/\\\/wordpress.external.netmedia-gmbh.com\\\/impressum\\\/\",\"name\":\"Impressum - netmedia GmbH\",\"isPartOf\":{\"@id\":\"https:\\\/\\\/wordpress.external.netmedia-gmbh.com\\\/#website\"},\"datePublished\":\"2025-05-21T08:11:45+00:00\",\"dateModified\":\"2025-09-16T10:53:05+00:00\",\"breadcrumb\":{\"@id\":\"https:\\\/\\\/wordpress.external.netmedia-gmbh.com\\\/impressum\\\/#breadcrumb\"},\"inLanguage\":\"en-GB\",\"potentialAction\":[{\"@type\":\"ReadAction\",\"target\":[\"https:\\\/\\\/wordpress.external.netmedia-gmbh.com\\\/impressum\\\/\"]}]},{\"@type\":\"BreadcrumbList\",\"@id\":\"https:\\\/\\\/wordpress.external.netmedia-gmbh.com\\\/impressum\\\/#breadcrumb\",\"itemListElement\":[{\"@type\":\"ListItem\",\"position\":1,\"name\":\"Startseite\",\"item\":\"https:\\\/\\\/wordpress.external.netmedia-gmbh.com\\\/\"},{\"@type\":\"ListItem\",\"position\":2,\"name\":\"Impressum\"}]},{\"@type\":\"WebSite\",\"@id\":\"https:\\\/\\\/wordpress.external.netmedia-gmbh.com\\\/#website\",\"url\":\"https:\\\/\\\/wordpress.external.netmedia-gmbh.com\\\/\",\"name\":\"netmedia GmbH\",\"description\":\"IT-L\u00f6sungen f\u00fcr Ihr Unternehmen - Ihr starker Partner im Bereich Netzwerk, Hardware und Software\",\"publisher\":{\"@id\":\"https:\\\/\\\/wordpress.external.netmedia-gmbh.com\\\/#organization\"},\"potentialAction\":[{\"@type\":\"SearchAction\",\"target\":{\"@type\":\"EntryPoint\",\"urlTemplate\":\"https:\\\/\\\/wordpress.external.netmedia-gmbh.com\\\/?s={search_term_string}\"},\"query-input\":{\"@type\":\"PropertyValueSpecification\",\"valueRequired\":true,\"valueName\":\"search_term_string\"}}],\"inLanguage\":\"en-GB\"},{\"@type\":\"Organization\",\"@id\":\"https:\\\/\\\/wordpress.external.netmedia-gmbh.com\\\/#organization\",\"name\":\"netmedia GmbH\",\"url\":\"https:\\\/\\\/wordpress.external.netmedia-gmbh.com\\\/\",\"logo\":{\"@type\":\"ImageObject\",\"inLanguage\":\"en-GB\",\"@id\":\"https:\\\/\\\/wordpress.external.netmedia-gmbh.com\\\/#\\\/schema\\\/logo\\\/image\\\/\",\"url\":\"https:\\\/\\\/www.netmedia-gmbh.com\\\/wp-content\\\/uploads\\\/2025\\\/05\\\/cropped-nm_logo_1450x335px_transp.png\",\"contentUrl\":\"https:\\\/\\\/www.netmedia-gmbh.com\\\/wp-content\\\/uploads\\\/2025\\\/05\\\/cropped-nm_logo_1450x335px_transp.png\",\"width\":1449,\"height\":313,\"caption\":\"netmedia GmbH\"},\"image\":{\"@id\":\"https:\\\/\\\/wordpress.external.netmedia-gmbh.com\\\/#\\\/schema\\\/logo\\\/image\\\/\"}}]}<\/script>\n<!-- \/ Yoast SEO plugin. -->","yoast_head_json":{"title":"Impressum - netmedia GmbH","robots":{"index":"index","follow":"follow","max-snippet":"max-snippet:-1","max-image-preview":"max-image-preview:large","max-video-preview":"max-video-preview:-1"},"canonical":"https:\/\/wordpress.external.netmedia-gmbh.com\/impressum\/","og_locale":"en_GB","og_type":"article","og_title":"Impressum - netmedia GmbH","og_description":"Unternehmensangaben laut \u00a76 des Teledienstegesetzes (TDG) netmedia GmbH Gesch\u00e4ftsf\u00fchrender Gesellschafter:&nbsp;Udo Schlegel Gallandiweg 8a 14089 Berlin Zust\u00e4ndiges Registergericht: Amtsgericht Charlottenburg, HRB 115370 B USt-ID: DE254068616 Nehmen Sie gern mit uns Kontakt auf, \u00fcber das hier verlinkte Kontaktformular. Datenschutz Wir stellen Ihnen ein Kontaktformular zur Verf\u00fcgung, mit dem wir folgende personenbezogene Daten erheben und verarbeiten: Firma Abteilung [&hellip;]","og_url":"https:\/\/wordpress.external.netmedia-gmbh.com\/impressum\/","og_site_name":"netmedia GmbH","article_modified_time":"2025-09-16T10:53:05+00:00","og_image":[{"width":1200,"height":675,"url":"https:\/\/www.netmedia-gmbh.com\/wp-content\/uploads\/2025\/09\/SEO-Pic_1200x675_nm-logo-city-net-bg.jpg","type":"image\/jpeg"}],"twitter_card":"summary_large_image","twitter_misc":{"Estimated reading time":"1 minute"},"schema":{"@context":"https:\/\/schema.org","@graph":[{"@type":"WebPage","@id":"https:\/\/wordpress.external.netmedia-gmbh.com\/impressum\/","url":"https:\/\/wordpress.external.netmedia-gmbh.com\/impressum\/","name":"Impressum - netmedia GmbH","isPartOf":{"@id":"https:\/\/wordpress.external.netmedia-gmbh.com\/#website"},"datePublished":"2025-05-21T08:11:45+00:00","dateModified":"2025-09-16T10:53:05+00:00","breadcrumb":{"@id":"https:\/\/wordpress.external.netmedia-gmbh.com\/impressum\/#breadcrumb"},"inLanguage":"en-GB","potentialAction":[{"@type":"ReadAction","target":["https:\/\/wordpress.external.netmedia-gmbh.com\/impressum\/"]}]},{"@type":"BreadcrumbList","@id":"https:\/\/wordpress.external.netmedia-gmbh.com\/impressum\/#breadcrumb","itemListElement":[{"@type":"ListItem","position":1,"name":"Startseite","item":"https:\/\/wordpress.external.netmedia-gmbh.com\/"},{"@type":"ListItem","position":2,"name":"Impressum"}]},{"@type":"WebSite","@id":"https:\/\/wordpress.external.netmedia-gmbh.com\/#website","url":"https:\/\/wordpress.external.netmedia-gmbh.com\/","name":"netmedia GmbH","description":"IT-L\u00f6sungen f\u00fcr Ihr Unternehmen - Ihr starker Partner im Bereich Netzwerk, Hardware und Software","publisher":{"@id":"https:\/\/wordpress.external.netmedia-gmbh.com\/#organization"},"potentialAction":[{"@type":"SearchAction","target":{"@type":"EntryPoint","urlTemplate":"https:\/\/wordpress.external.netmedia-gmbh.com\/?s={search_term_string}"},"query-input":{"@type":"PropertyValueSpecification","valueRequired":true,"valueName":"search_term_string"}}],"inLanguage":"en-GB"},{"@type":"Organization","@id":"https:\/\/wordpress.external.netmedia-gmbh.com\/#organization","name":"netmedia GmbH","url":"https:\/\/wordpress.external.netmedia-gmbh.com\/","logo":{"@type":"ImageObject","inLanguage":"en-GB","@id":"https:\/\/wordpress.external.netmedia-gmbh.com\/#\/schema\/logo\/image\/","url":"https:\/\/www.netmedia-gmbh.com\/wp-content\/uploads\/2025\/05\/cropped-nm_logo_1450x335px_transp.png","contentUrl":"https:\/\/www.netmedia-gmbh.com\/wp-content\/uploads\/2025\/05\/cropped-nm_logo_1450x335px_transp.png","width":1449,"height":313,"caption":"netmedia GmbH"},"image":{"@id":"https:\/\/wordpress.external.netmedia-gmbh.com\/#\/schema\/logo\/image\/"}}]}},"_links":{"self":[{"href":"https:\/\/www.netmedia-gmbh.com\/en\/wp-json\/wp\/v2\/pages\/140","targetHints":{"allow":["GET"]}}],"collection":[{"href":"https:\/\/www.netmedia-gmbh.com\/en\/wp-json\/wp\/v2\/pages"}],"about":[{"href":"https:\/\/www.netmedia-gmbh.com\/en\/wp-json\/wp\/v2\/types\/page"}],"author":[{"embeddable":true,"href":"https:\/\/www.netmedia-gmbh.com\/en\/wp-json\/wp\/v2\/users\/1"}],"replies":[{"embeddable":true,"href":"https:\/\/www.netmedia-gmbh.com\/en\/wp-json\/wp\/v2\/comments?post=140"}],"version-history":[{"count":17,"href":"https:\/\/www.netmedia-gmbh.com\/en\/wp-json\/wp\/v2\/pages\/140\/revisions"}],"predecessor-version":[{"id":1507,"href":"https:\/\/www.netmedia-gmbh.com\/en\/wp-json\/wp\/v2\/pages\/140\/revisions\/1507"}],"wp:attachment":[{"href":"https:\/\/www.netmedia-gmbh.com\/en\/wp-json\/wp\/v2\/media?parent=140"}],"curies":[{"name":"wp","href":"https:\/\/api.w.org\/{rel}","templated":true}]}}